{"id":35,"date":"2018-12-11T18:23:00","date_gmt":"2018-12-11T17:23:00","guid":{"rendered":"http:\/\/www.gaec-istricou.fr\/?page_id=35"},"modified":"2018-12-11T18:23:00","modified_gmt":"2018-12-11T17:23:00","slug":"contact","status":"publish","type":"page","link":"http:\/\/www.gaec-istricou.fr\/?page_id=35","title":{"rendered":"CONTACT"},"content":{"rendered":"<p>Les commandes sont \u00e0 passer avant le 10 de chaque mois.<br \/>\nLes colis sont \u00e0 retirer \u00e0 la ferme entre 16h00 et 20h00 le jour de la livraison.<\/p>\n<p><span style=\"color: #008080;\"><strong>T\u00e9l\u00e9phones :<\/strong> <\/span><\/p>\n<p>06 85 84 85 91<br \/>\n06 79 78 86 14<br \/>\n05 63 33 99 10<\/p>\n<p><span style=\"color: #008080;\"><strong>Mail :<\/strong> <\/span><\/p>\n<p>gaec.istricou@gmail.com<\/p>\n<p><strong><span style=\"color: #008080;\">Adresse de notre ferme :<\/span> <\/strong><\/p>\n<p>Gaec d&#8217;Istricou<br \/>\nLieu dit Istricou<br \/>\n81140 Cahuzac sur v\u00e8re<\/p>\n<p><img loading=\"lazy\" decoding=\"async\" class=\"size-medium wp-image-36 aligncenter\" src=\"http:\/\/www.gaec-istricou.fr\/wp-content\/uploads\/2018\/12\/carte-300x220.jpg\" alt=\"\" width=\"300\" height=\"220\" srcset=\"http:\/\/www.gaec-istricou.fr\/wp-content\/uploads\/2018\/12\/carte-300x220.jpg 300w, http:\/\/www.gaec-istricou.fr\/wp-content\/uploads\/2018\/12\/carte-768x563.jpg 768w, http:\/\/www.gaec-istricou.fr\/wp-content\/uploads\/2018\/12\/carte-1024x751.jpg 1024w, http:\/\/www.gaec-istricou.fr\/wp-content\/uploads\/2018\/12\/carte.jpg 1790w\" sizes=\"auto, (max-width: 300px) 100vw, 300px\" \/><\/p>\n","protected":false},"excerpt":{"rendered":"<p>Les commandes sont \u00e0 passer avant le 10 de chaque mois. Les colis sont \u00e0 retirer \u00e0 la ferme entre 16h00 et 20h00 le jour de la livraison. T\u00e9l\u00e9phones : 06 85 84 85 91 06 79 78 86 14 05 63 33 99 10 Mail : gaec.istricou@gmail.com Adresse de notre ferme : Gaec d&#8217;Istricou<br \/><a class=\"moretag\" href=\"http:\/\/www.gaec-istricou.fr\/?page_id=35\">+ Read More<\/a><\/p>\n","protected":false},"author":1,"featured_media":0,"parent":0,"menu_order":0,"comment_status":"closed","ping_status":"closed","template":"","meta":{"footnotes":""},"class_list":["post-35","page","type-page","status-publish","hentry"],"_links":{"self":[{"href":"http:\/\/www.gaec-istricou.fr\/index.php?rest_route=\/wp\/v2\/pages\/35","targetHints":{"allow":["GET"]}}],"collection":[{"href":"http:\/\/www.gaec-istricou.fr\/index.php?rest_route=\/wp\/v2\/pages"}],"about":[{"href":"http:\/\/www.gaec-istricou.fr\/index.php?rest_route=\/wp\/v2\/types\/page"}],"author":[{"embeddable":true,"href":"http:\/\/www.gaec-istricou.fr\/index.php?rest_route=\/wp\/v2\/users\/1"}],"replies":[{"embeddable":true,"href":"http:\/\/www.gaec-istricou.fr\/index.php?rest_route=%2Fwp%2Fv2%2Fcomments&post=35"}],"version-history":[{"count":2,"href":"http:\/\/www.gaec-istricou.fr\/index.php?rest_route=\/wp\/v2\/pages\/35\/revisions"}],"predecessor-version":[{"id":49,"href":"http:\/\/www.gaec-istricou.fr\/index.php?rest_route=\/wp\/v2\/pages\/35\/revisions\/49"}],"wp:attachment":[{"href":"http:\/\/www.gaec-istricou.fr\/index.php?rest_route=%2Fwp%2Fv2%2Fmedia&parent=35"}],"curies":[{"name":"wp","href":"https:\/\/api.w.org\/{rel}","templated":true}]}}